{"id":111,"date":"2017-04-29T21:38:26","date_gmt":"2017-04-29T20:38:26","guid":{"rendered":"http:\/\/praxis-koenn.de\/?page_id=111"},"modified":"2020-07-19T20:10:19","modified_gmt":"2020-07-19T19:10:19","slug":"therapie","status":"publish","type":"page","link":"https:\/\/praxis-koenn.de\/?page_id=111","title":{"rendered":"Therapie"},"content":{"rendered":"\n<div class=\"wp-block-cover has-background-dim has-parallax\" style=\"background-image:url(https:\/\/praxis-koenn.de\/wp-content\/uploads\/2017\/04\/VG8_2429.jpg)\"><div class=\"wp-block-cover__inner-container is-layout-flow wp-block-cover-is-layout-flow\">\n<p class=\"has-text-align-center has-large-font-size\">Was ist Psychotherapie?<\/p>\n<\/div><\/div>\n\n\n\n<p>Psychotherapie ist eine Behandlung von psychischen (&#8222;seelischen&#8220;) Erkrankungen mit Hilfe von wissenschaftlich anerkannten Verfahren, Methoden und Techniken. Psychische Erkrankungen k\u00f6nnen das Erleben, das Verhalten, sowie das geistige und k\u00f6rperliche Wohlbefinden stark beeintr\u00e4chtigen und mit Leid, Angst, Verunsicherung und Einschr\u00e4nkungen der Lebensqualit\u00e4t einhergehen. Eine Psychotherapie ist dann ratsam, wenn psychische Probleme nicht mehr allein oder mit Hilfe der Familie oder von Freunden gel\u00f6st werden k\u00f6nnen, zu Krankheitserscheinungen f\u00fchren und die allt\u00e4glichen Anforderungen des Lebens nicht mehr erf\u00fcllt werden k\u00f6nnen.<\/p>\n\n\n\n<div class=\"wp-block-cover has-background-dim has-parallax\" style=\"background-image:url(https:\/\/praxis-koenn.de\/wp-content\/uploads\/2017\/04\/VG8_2480.jpg)\"><div class=\"wp-block-cover__inner-container is-layout-flow wp-block-cover-is-layout-flow\">\n<p class=\"has-text-align-center has-large-font-size\">Was ist Verhaltenstherapie?<\/p>\n<\/div><\/div>\n\n\n<p>Die Verhaltenstherapie ist, neben der tiefenpsychologisch fundierten Psychotherapie und der Psychoanalyse, eine der drei wissenschaftlich anerkannten Psychotherapieverfahren.<\/p>\n<p>Die Verhaltenstherapie geht davon aus, dass psychische Beschwerden das Ergebnis von bewussten und nicht-bewussten Lernprozessen sind. Zu Beginn der Behandlung wird gemeinsam mit dem Patienten und den Eltern erarbeitet, welche Bedingungen seiner Lebensgeschichte und seiner aktuellen Lebenssituation zur Entstehung und Aufrechterhaltung seiner psychischen Symptomatik beigetragen haben und weiter wirksam sind. Auf dieser Grundlage werden gemeinsam die Therapieziele und der Behandlungsplan festgelegt. In der Verhaltenstherapie wird der Patient zur aktiven Ver\u00e4nderung seines Handelns, Denkens und F\u00fchlens motiviert und angeleitet. Dabei werden die bereits vorhandenen St\u00e4rken und F\u00e4higkeiten herausgearbeitet und f\u00fcr den Ver\u00e4nderungsprozess nutzbar gemacht.<\/p>\n<p>Die Verhaltenstherapie hat einen \u00dcbungs- und Trainingscharakter und erfordert die Bereitschaft zur Mitarbeit vom Patienten und deren Eltern. Therapeutische Hausaufgaben sind ein wichtiger Bestandteil der Therapie, um Fortschritte aus der Therapiestunde in das h\u00e4usliche Setting zu \u00fcbertragen.<\/p>","protected":false},"excerpt":{"rendered":"<p>Psychotherapie ist eine Behandlung von psychischen (&#8222;seelischen&#8220;) Erkrankungen mit Hilfe von wissenschaftlich anerkannten Verfahren, Methoden und Techniken. Psychische Erkrankungen k\u00f6nnen das Erleben, das Verhalten, sowie das geistige und k\u00f6rperliche Wohlbefinden stark beeintr\u00e4chtigen und mit Leid, Angst, Verunsicherung und Einschr\u00e4nkungen der Lebensqualit\u00e4t einhergehen. Eine Psychotherapie ist dann ratsam, wenn psychische Probleme nicht mehr allein oder mit &hellip;<\/p>\n","protected":false},"author":1,"featured_media":357,"parent":0,"menu_order":0,"comment_status":"closed","ping_status":"closed","template":"","meta":{"footnotes":""},"class_list":["post-111","page","type-page","status-publish","has-post-thumbnail","hentry"],"_links":{"self":[{"href":"https:\/\/praxis-koenn.de\/index.php?rest_route=\/wp\/v2\/pages\/111","targetHints":{"allow":["GET"]}}],"collection":[{"href":"https:\/\/praxis-koenn.de\/index.php?rest_route=\/wp\/v2\/pages"}],"about":[{"href":"https:\/\/praxis-koenn.de\/index.php?rest_route=\/wp\/v2\/types\/page"}],"author":[{"embeddable":true,"href":"https:\/\/praxis-koenn.de\/index.php?rest_route=\/wp\/v2\/users\/1"}],"replies":[{"embeddable":true,"href":"https:\/\/praxis-koenn.de\/index.php?rest_route=%2Fwp%2Fv2%2Fcomments&post=111"}],"version-history":[{"count":23,"href":"https:\/\/praxis-koenn.de\/index.php?rest_route=\/wp\/v2\/pages\/111\/revisions"}],"predecessor-version":[{"id":433,"href":"https:\/\/praxis-koenn.de\/index.php?rest_route=\/wp\/v2\/pages\/111\/revisions\/433"}],"wp:featuredmedia":[{"embeddable":true,"href":"https:\/\/praxis-koenn.de\/index.php?rest_route=\/wp\/v2\/media\/357"}],"wp:attachment":[{"href":"https:\/\/praxis-koenn.de\/index.php?rest_route=%2Fwp%2Fv2%2Fmedia&parent=111"}],"curies":[{"name":"wp","href":"https:\/\/api.w.org\/{rel}","templated":true}]}}