{"id":62,"date":"2017-01-24T22:40:17","date_gmt":"2017-01-24T21:40:17","guid":{"rendered":"http:\/\/praxis-koenn.de\/?page_id=62"},"modified":"2025-02-11T10:46:47","modified_gmt":"2025-02-11T09:46:47","slug":"formulare","status":"publish","type":"page","link":"https:\/\/praxis-koenn.de\/?page_id=62","title":{"rendered":"Team"},"content":{"rendered":"\n<h4 class=\"wp-block-heading\" id=\"sandra-konn\">Sandra K\u00f6nn<\/h4>\n\n\n\n<div class=\"wp-block-columns is-layout-flex wp-container-core-columns-is-layout-9d6595d7 wp-block-columns-is-layout-flex\">\n<div class=\"wp-block-column is-layout-flow wp-block-column-is-layout-flow\" style=\"flex-basis:60%\">\n<p>Seit 2017 leitet Sandra K\u00f6nn die Praxis. <\/p>\n\n\n\n<p>Frau K\u00f6nn ist seit 2012 staatlich approbiert als verhaltenstherapeutische Kinder- und Jugendlichenpsychotherapeutin. Sie ist au\u00dferdem Schematherapeutin und verf\u00fcgt \u00fcber die Zulassung als Gruppentherapeutin.<\/p>\n<\/div>\n\n\n\n<div class=\"wp-block-column is-layout-flow wp-block-column-is-layout-flow\"><div class=\"wp-block-image is-style-rounded\">\n<figure class=\"aligncenter size-thumbnail is-resized\"><a href=\"https:\/\/praxis-koenn.de\/wp-content\/uploads\/2017\/04\/VG8_2310.jpg\"><img loading=\"lazy\" decoding=\"async\" width=\"150\" height=\"150\" src=\"https:\/\/praxis-koenn.de\/wp-content\/uploads\/2017\/04\/VG8_2310-150x150.jpg\" alt=\"\" class=\"wp-image-75\" style=\"width:150px;height:150px\"\/><\/a><\/figure>\n<\/div><\/div>\n<\/div>\n\n\n\n<h4 class=\"wp-block-heading\" id=\"eva-geeren-bollinger\">Eva Geeren-Bollinger<\/h4>\n\n\n\n<div class=\"wp-block-columns is-layout-flex wp-container-core-columns-is-layout-9d6595d7 wp-block-columns-is-layout-flex\">\n<div class=\"wp-block-column is-layout-flow wp-block-column-is-layout-flow\" style=\"flex-basis:60%\">\n<p>Frau Geeren-Bollinger ist Medizinisch Technische Assistentin und arbeitet in der Praxis K\u00f6nn als Sprechstundenhilfe. Wenn Sie in der Praxis anrufen oder die Praxis anschreiben, k\u00fcmmert sie sich fachkundig um Ihre Belange. Telefonisch erreichen Sie Frau Geeren-Bollinger immer freitags zwischen 13:00 Uhr und 14:45 Uhr. <\/p>\n<\/div>\n\n\n\n<div class=\"wp-block-column is-layout-flow wp-block-column-is-layout-flow\"><div class=\"wp-block-image is-style-rounded\">\n<figure class=\"aligncenter size-thumbnail\"><a href=\"https:\/\/praxis-koenn.de\/wp-content\/uploads\/2021\/10\/image.jpeg\"><img loading=\"lazy\" decoding=\"async\" width=\"150\" height=\"150\" src=\"https:\/\/praxis-koenn.de\/wp-content\/uploads\/2021\/10\/image-150x150.jpeg\" alt=\"\" class=\"wp-image-517\" srcset=\"https:\/\/praxis-koenn.de\/wp-content\/uploads\/2021\/10\/image-150x150.jpeg 150w, https:\/\/praxis-koenn.de\/wp-content\/uploads\/2021\/10\/image-300x300.jpeg 300w, https:\/\/praxis-koenn.de\/wp-content\/uploads\/2021\/10\/image-1024x1024.jpeg 1024w, https:\/\/praxis-koenn.de\/wp-content\/uploads\/2021\/10\/image-768x768.jpeg 768w, https:\/\/praxis-koenn.de\/wp-content\/uploads\/2021\/10\/image.jpeg 1049w\" sizes=\"auto, (max-width: 150px) 100vw, 150px\" \/><\/a><\/figure>\n<\/div><\/div>\n<\/div>\n\n\n\n<div class=\"wp-block-columns is-layout-flex wp-container-core-columns-is-layout-9d6595d7 wp-block-columns-is-layout-flex\">\n<div class=\"wp-block-column is-layout-flow wp-block-column-is-layout-flow\" style=\"flex-basis:60%\">\n<p><\/p>\n<\/div>\n\n\n\n<div class=\"wp-block-column is-layout-flow wp-block-column-is-layout-flow\"><\/div>\n<\/div>\n","protected":false},"excerpt":{"rendered":"<p>Sandra K\u00f6nn Seit 2017 leitet Sandra K\u00f6nn die Praxis. Frau K\u00f6nn ist seit 2012 staatlich approbiert als verhaltenstherapeutische Kinder- und Jugendlichenpsychotherapeutin. Sie ist au\u00dferdem Schematherapeutin und verf\u00fcgt \u00fcber die Zulassung als Gruppentherapeutin. Eva Geeren-Bollinger Frau Geeren-Bollinger ist Medizinisch Technische Assistentin und arbeitet in der Praxis K\u00f6nn als Sprechstundenhilfe. Wenn Sie in der Praxis anrufen oder &hellip;<\/p>\n","protected":false},"author":1,"featured_media":366,"parent":0,"menu_order":0,"comment_status":"closed","ping_status":"closed","template":"","meta":{"footnotes":""},"class_list":["post-62","page","type-page","status-publish","has-post-thumbnail","hentry"],"_links":{"self":[{"href":"https:\/\/praxis-koenn.de\/index.php?rest_route=\/wp\/v2\/pages\/62","targetHints":{"allow":["GET"]}}],"collection":[{"href":"https:\/\/praxis-koenn.de\/index.php?rest_route=\/wp\/v2\/pages"}],"about":[{"href":"https:\/\/praxis-koenn.de\/index.php?rest_route=\/wp\/v2\/types\/page"}],"author":[{"embeddable":true,"href":"https:\/\/praxis-koenn.de\/index.php?rest_route=\/wp\/v2\/users\/1"}],"replies":[{"embeddable":true,"href":"https:\/\/praxis-koenn.de\/index.php?rest_route=%2Fwp%2Fv2%2Fcomments&post=62"}],"version-history":[{"count":52,"href":"https:\/\/praxis-koenn.de\/index.php?rest_route=\/wp\/v2\/pages\/62\/revisions"}],"predecessor-version":[{"id":599,"href":"https:\/\/praxis-koenn.de\/index.php?rest_route=\/wp\/v2\/pages\/62\/revisions\/599"}],"wp:featuredmedia":[{"embeddable":true,"href":"https:\/\/praxis-koenn.de\/index.php?rest_route=\/wp\/v2\/media\/366"}],"wp:attachment":[{"href":"https:\/\/praxis-koenn.de\/index.php?rest_route=%2Fwp%2Fv2%2Fmedia&parent=62"}],"curies":[{"name":"wp","href":"https:\/\/api.w.org\/{rel}","templated":true}]}}